{"id":1975,"date":"2019-10-01T13:44:33","date_gmt":"2019-10-01T11:44:33","guid":{"rendered":"https:\/\/exlak.pl\/offer\/tworz-wlasna-marke\/"},"modified":"2024-06-26T12:06:35","modified_gmt":"2024-06-26T10:06:35","slug":"create-your-own-brand","status":"publish","type":"page","link":"https:\/\/exlak.pl\/en\/offer\/create-your-own-brand\/","title":{"rendered":"Create your own brand"},"content":{"rendered":"","protected":false},"excerpt":{"rendered":"","protected":false},"author":1,"featured_media":0,"parent":528,"menu_order":1,"comment_status":"closed","ping_status":"closed","template":"","meta":{"inline_featured_image":false,"footnotes":""},"acf":[],"yoast_head":"<!-- This site is optimized with the Yoast SEO plugin v21.5 - https:\/\/yoast.com\/wordpress\/plugins\/seo\/ -->\n<title>Create your own brand - Exlak car paints<\/title>\n<meta name=\"description\" content=\"Create your own brand with the Exlak. Together, we will develop an individual offer so that your business with your &quot;private label&quot; can grow steadily.\" \/>\n<meta name=\"robots\" content=\"index, follow, max-snippet:-1, max-image-preview:large, max-video-preview:-1\" \/>\n<link rel=\"canonical\" href=\"https:\/\/exlak.pl\/en\/offer\/create-your-own-brand\/\" \/>\n<meta property=\"og:locale\" content=\"en_US\" \/>\n<meta property=\"og:type\" content=\"article\" \/>\n<meta property=\"og:title\" content=\"Create your own brand - Exlak car paints\" \/>\n<meta property=\"og:description\" content=\"Create your own brand with the Exlak. Together, we will develop an individual offer so that your business with your &quot;private label&quot; can grow steadily.\" \/>\n<meta property=\"og:url\" content=\"https:\/\/exlak.pl\/en\/offer\/create-your-own-brand\/\" \/>\n<meta property=\"og:site_name\" content=\"Exlak\" \/>\n<meta property=\"article:modified_time\" content=\"2024-06-26T10:06:35+00:00\" \/>\n<meta name=\"twitter:card\" content=\"summary_large_image\" \/>\n<script type=\"application\/ld+json\" class=\"yoast-schema-graph\">{\"@context\":\"https:\/\/schema.org\",\"@graph\":[{\"@type\":\"WebPage\",\"@id\":\"https:\/\/exlak.pl\/en\/offer\/create-your-own-brand\/\",\"url\":\"https:\/\/exlak.pl\/en\/offer\/create-your-own-brand\/\",\"name\":\"Create your own brand - Exlak car paints\",\"isPartOf\":{\"@id\":\"https:\/\/exlak.pl\/#website\"},\"datePublished\":\"2019-10-01T11:44:33+00:00\",\"dateModified\":\"2024-06-26T10:06:35+00:00\",\"description\":\"Create your own brand with the Exlak. Together, we will develop an individual offer so that your business with your \\\"private label\\\" can grow steadily.\",\"breadcrumb\":{\"@id\":\"https:\/\/exlak.pl\/en\/offer\/create-your-own-brand\/#breadcrumb\"},\"inLanguage\":\"en-US\",\"potentialAction\":[{\"@type\":\"ReadAction\",\"target\":[\"https:\/\/exlak.pl\/en\/offer\/create-your-own-brand\/\"]}]},{\"@type\":\"BreadcrumbList\",\"@id\":\"https:\/\/exlak.pl\/en\/offer\/create-your-own-brand\/#breadcrumb\",\"itemListElement\":[{\"@type\":\"ListItem\",\"position\":1,\"name\":\"Strona g\u0142\u00f3wna\",\"item\":\"https:\/\/exlak.pl\/en\/\"},{\"@type\":\"ListItem\",\"position\":2,\"name\":\"Offer\",\"item\":\"https:\/\/exlak.pl\/en\/offer\/\"},{\"@type\":\"ListItem\",\"position\":3,\"name\":\"Create your own brand\"}]},{\"@type\":\"WebSite\",\"@id\":\"https:\/\/exlak.pl\/#website\",\"url\":\"https:\/\/exlak.pl\/\",\"name\":\"Exlak\",\"description\":\"Mi\u0119dzynarodowy producent bezbarwnych lakier\u00f3w samochodowych oraz dodatk\u00f3w lakierniczych\",\"potentialAction\":[{\"@type\":\"SearchAction\",\"target\":{\"@type\":\"EntryPoint\",\"urlTemplate\":\"https:\/\/exlak.pl\/?s={search_term_string}\"},\"query-input\":\"required name=search_term_string\"}],\"inLanguage\":\"en-US\"}]}<\/script>\n<!-- \/ Yoast SEO plugin. -->","yoast_head_json":{"title":"Create your own brand - Exlak car paints","description":"Create your own brand with the Exlak. Together, we will develop an individual offer so that your business with your \"private label\" can grow steadily.","robots":{"index":"index","follow":"follow","max-snippet":"max-snippet:-1","max-image-preview":"max-image-preview:large","max-video-preview":"max-video-preview:-1"},"canonical":"https:\/\/exlak.pl\/en\/offer\/create-your-own-brand\/","og_locale":"en_US","og_type":"article","og_title":"Create your own brand - Exlak car paints","og_description":"Create your own brand with the Exlak. Together, we will develop an individual offer so that your business with your \"private label\" can grow steadily.","og_url":"https:\/\/exlak.pl\/en\/offer\/create-your-own-brand\/","og_site_name":"Exlak","article_modified_time":"2024-06-26T10:06:35+00:00","twitter_card":"summary_large_image","schema":{"@context":"https:\/\/schema.org","@graph":[{"@type":"WebPage","@id":"https:\/\/exlak.pl\/en\/offer\/create-your-own-brand\/","url":"https:\/\/exlak.pl\/en\/offer\/create-your-own-brand\/","name":"Create your own brand - Exlak car paints","isPartOf":{"@id":"https:\/\/exlak.pl\/#website"},"datePublished":"2019-10-01T11:44:33+00:00","dateModified":"2024-06-26T10:06:35+00:00","description":"Create your own brand with the Exlak. Together, we will develop an individual offer so that your business with your \"private label\" can grow steadily.","breadcrumb":{"@id":"https:\/\/exlak.pl\/en\/offer\/create-your-own-brand\/#breadcrumb"},"inLanguage":"en-US","potentialAction":[{"@type":"ReadAction","target":["https:\/\/exlak.pl\/en\/offer\/create-your-own-brand\/"]}]},{"@type":"BreadcrumbList","@id":"https:\/\/exlak.pl\/en\/offer\/create-your-own-brand\/#breadcrumb","itemListElement":[{"@type":"ListItem","position":1,"name":"Strona g\u0142\u00f3wna","item":"https:\/\/exlak.pl\/en\/"},{"@type":"ListItem","position":2,"name":"Offer","item":"https:\/\/exlak.pl\/en\/offer\/"},{"@type":"ListItem","position":3,"name":"Create your own brand"}]},{"@type":"WebSite","@id":"https:\/\/exlak.pl\/#website","url":"https:\/\/exlak.pl\/","name":"Exlak","description":"Mi\u0119dzynarodowy producent bezbarwnych lakier\u00f3w samochodowych oraz dodatk\u00f3w lakierniczych","potentialAction":[{"@type":"SearchAction","target":{"@type":"EntryPoint","urlTemplate":"https:\/\/exlak.pl\/?s={search_term_string}"},"query-input":"required name=search_term_string"}],"inLanguage":"en-US"}]}},"_links":{"self":[{"href":"https:\/\/exlak.pl\/en\/wp-json\/wp\/v2\/pages\/1975"}],"collection":[{"href":"https:\/\/exlak.pl\/en\/wp-json\/wp\/v2\/pages"}],"about":[{"href":"https:\/\/exlak.pl\/en\/wp-json\/wp\/v2\/types\/page"}],"author":[{"embeddable":true,"href":"https:\/\/exlak.pl\/en\/wp-json\/wp\/v2\/users\/1"}],"replies":[{"embeddable":true,"href":"https:\/\/exlak.pl\/en\/wp-json\/wp\/v2\/comments?post=1975"}],"version-history":[{"count":1,"href":"https:\/\/exlak.pl\/en\/wp-json\/wp\/v2\/pages\/1975\/revisions"}],"predecessor-version":[{"id":4807,"href":"https:\/\/exlak.pl\/en\/wp-json\/wp\/v2\/pages\/1975\/revisions\/4807"}],"up":[{"embeddable":true,"href":"https:\/\/exlak.pl\/en\/wp-json\/wp\/v2\/pages\/528"}],"wp:attachment":[{"href":"https:\/\/exlak.pl\/en\/wp-json\/wp\/v2\/media?parent=1975"}],"curies":[{"name":"wp","href":"https:\/\/api.w.org\/{rel}","templated":true}]}}