{"id":539,"date":"2019-05-27T08:12:40","date_gmt":"2019-05-20T09:01:08","guid":{"rendered":"https:\/\/exlak.pl\/o-firmie\/"},"modified":"2025-01-09T15:37:02","modified_gmt":"2025-01-09T14:37:02","slug":"about-company","status":"publish","type":"page","link":"https:\/\/exlak.pl\/en\/about-company\/","title":{"rendered":"About company"},"content":{"rendered":"","protected":false},"excerpt":{"rendered":"","protected":false},"author":1,"featured_media":0,"parent":0,"menu_order":3,"comment_status":"closed","ping_status":"closed","template":"","meta":{"inline_featured_image":false,"footnotes":""},"acf":[],"yoast_head":"<!-- This site is optimized with the Yoast SEO plugin v21.5 - https:\/\/yoast.com\/wordpress\/plugins\/seo\/ -->\n<title>About company - Exlak<\/title>\n<meta name=\"robots\" content=\"index, follow, max-snippet:-1, max-image-preview:large, max-video-preview:-1\" \/>\n<link rel=\"canonical\" href=\"https:\/\/exlak.pl\/en\/about-company\/\" \/>\n<meta property=\"og:locale\" content=\"en_US\" \/>\n<meta property=\"og:type\" content=\"article\" \/>\n<meta property=\"og:title\" content=\"About company - Exlak\" \/>\n<meta property=\"og:url\" content=\"https:\/\/exlak.pl\/en\/about-company\/\" \/>\n<meta property=\"og:site_name\" content=\"Exlak\" \/>\n<meta property=\"article:modified_time\" content=\"2025-01-09T14:37:02+00:00\" \/>\n<meta name=\"twitter:card\" content=\"summary_large_image\" \/>\n<script type=\"application\/ld+json\" class=\"yoast-schema-graph\">{\"@context\":\"https:\/\/schema.org\",\"@graph\":[{\"@type\":\"WebPage\",\"@id\":\"https:\/\/exlak.pl\/en\/about-company\/\",\"url\":\"https:\/\/exlak.pl\/en\/about-company\/\",\"name\":\"About company - Exlak\",\"isPartOf\":{\"@id\":\"https:\/\/exlak.pl\/#website\"},\"datePublished\":\"2019-05-20T09:01:08+00:00\",\"dateModified\":\"2025-01-09T14:37:02+00:00\",\"breadcrumb\":{\"@id\":\"https:\/\/exlak.pl\/en\/about-company\/#breadcrumb\"},\"inLanguage\":\"en-US\",\"potentialAction\":[{\"@type\":\"ReadAction\",\"target\":[\"https:\/\/exlak.pl\/en\/about-company\/\"]}]},{\"@type\":\"BreadcrumbList\",\"@id\":\"https:\/\/exlak.pl\/en\/about-company\/#breadcrumb\",\"itemListElement\":[{\"@type\":\"ListItem\",\"position\":1,\"name\":\"Strona g\u0142\u00f3wna\",\"item\":\"https:\/\/exlak.pl\/en\/\"},{\"@type\":\"ListItem\",\"position\":2,\"name\":\"About company\"}]},{\"@type\":\"WebSite\",\"@id\":\"https:\/\/exlak.pl\/#website\",\"url\":\"https:\/\/exlak.pl\/\",\"name\":\"Exlak\",\"description\":\"Mi\u0119dzynarodowy producent bezbarwnych lakier\u00f3w samochodowych oraz dodatk\u00f3w lakierniczych\",\"potentialAction\":[{\"@type\":\"SearchAction\",\"target\":{\"@type\":\"EntryPoint\",\"urlTemplate\":\"https:\/\/exlak.pl\/?s={search_term_string}\"},\"query-input\":\"required name=search_term_string\"}],\"inLanguage\":\"en-US\"}]}<\/script>\n<!-- \/ Yoast SEO plugin. -->","yoast_head_json":{"title":"About company - Exlak","robots":{"index":"index","follow":"follow","max-snippet":"max-snippet:-1","max-image-preview":"max-image-preview:large","max-video-preview":"max-video-preview:-1"},"canonical":"https:\/\/exlak.pl\/en\/about-company\/","og_locale":"en_US","og_type":"article","og_title":"About company - Exlak","og_url":"https:\/\/exlak.pl\/en\/about-company\/","og_site_name":"Exlak","article_modified_time":"2025-01-09T14:37:02+00:00","twitter_card":"summary_large_image","schema":{"@context":"https:\/\/schema.org","@graph":[{"@type":"WebPage","@id":"https:\/\/exlak.pl\/en\/about-company\/","url":"https:\/\/exlak.pl\/en\/about-company\/","name":"About company - Exlak","isPartOf":{"@id":"https:\/\/exlak.pl\/#website"},"datePublished":"2019-05-20T09:01:08+00:00","dateModified":"2025-01-09T14:37:02+00:00","breadcrumb":{"@id":"https:\/\/exlak.pl\/en\/about-company\/#breadcrumb"},"inLanguage":"en-US","potentialAction":[{"@type":"ReadAction","target":["https:\/\/exlak.pl\/en\/about-company\/"]}]},{"@type":"BreadcrumbList","@id":"https:\/\/exlak.pl\/en\/about-company\/#breadcrumb","itemListElement":[{"@type":"ListItem","position":1,"name":"Strona g\u0142\u00f3wna","item":"https:\/\/exlak.pl\/en\/"},{"@type":"ListItem","position":2,"name":"About company"}]},{"@type":"WebSite","@id":"https:\/\/exlak.pl\/#website","url":"https:\/\/exlak.pl\/","name":"Exlak","description":"Mi\u0119dzynarodowy producent bezbarwnych lakier\u00f3w samochodowych oraz dodatk\u00f3w lakierniczych","potentialAction":[{"@type":"SearchAction","target":{"@type":"EntryPoint","urlTemplate":"https:\/\/exlak.pl\/?s={search_term_string}"},"query-input":"required name=search_term_string"}],"inLanguage":"en-US"}]}},"_links":{"self":[{"href":"https:\/\/exlak.pl\/en\/wp-json\/wp\/v2\/pages\/539"}],"collection":[{"href":"https:\/\/exlak.pl\/en\/wp-json\/wp\/v2\/pages"}],"about":[{"href":"https:\/\/exlak.pl\/en\/wp-json\/wp\/v2\/types\/page"}],"author":[{"embeddable":true,"href":"https:\/\/exlak.pl\/en\/wp-json\/wp\/v2\/users\/1"}],"replies":[{"embeddable":true,"href":"https:\/\/exlak.pl\/en\/wp-json\/wp\/v2\/comments?post=539"}],"version-history":[{"count":3,"href":"https:\/\/exlak.pl\/en\/wp-json\/wp\/v2\/pages\/539\/revisions"}],"predecessor-version":[{"id":4868,"href":"https:\/\/exlak.pl\/en\/wp-json\/wp\/v2\/pages\/539\/revisions\/4868"}],"wp:attachment":[{"href":"https:\/\/exlak.pl\/en\/wp-json\/wp\/v2\/media?parent=539"}],"curies":[{"name":"wp","href":"https:\/\/api.w.org\/{rel}","templated":true}]}}