{"id":8,"date":"2019-05-20T11:01:08","date_gmt":"2019-05-20T06:58:19","guid":{"rendered":"https:\/\/exlak.pl\/strona-glowna\/"},"modified":"2025-04-25T14:48:03","modified_gmt":"2025-04-25T12:48:03","slug":"strona-glowna","status":"publish","type":"page","link":"https:\/\/exlak.pl\/en\/","title":{"rendered":"Strona g\u0142\u00f3wna"},"content":{"rendered":"","protected":false},"excerpt":{"rendered":"","protected":false},"author":1,"featured_media":0,"parent":0,"menu_order":0,"comment_status":"closed","ping_status":"closed","template":"page-templates\/strona-glowna.php","meta":{"inline_featured_image":false,"footnotes":""},"acf":[],"yoast_head":"<!-- This site is optimized with the Yoast SEO plugin v21.5 - https:\/\/yoast.com\/wordpress\/plugins\/seo\/ -->\n<title>Exlak - clearcoats - car varnishes - production import export<\/title>\n<meta name=\"description\" content=\"Exlak - clearcoat - manufacturer of varnish materials: acrylic clearcoats, hardeners, thinners, silicone removers, acrylic resins, paint and varnish additives.\" \/>\n<meta name=\"robots\" content=\"index, follow, max-snippet:-1, max-image-preview:large, max-video-preview:-1\" \/>\n<link rel=\"canonical\" href=\"https:\/\/exlak.pl\/en\/\" \/>\n<meta property=\"og:locale\" content=\"en_US\" \/>\n<meta property=\"og:type\" content=\"article\" \/>\n<meta property=\"og:title\" content=\"Exlak - clearcoats - car varnishes - production import export\" \/>\n<meta property=\"og:description\" content=\"Exlak - clearcoat - manufacturer of varnish materials: acrylic clearcoats, hardeners, thinners, silicone removers, acrylic resins, paint and varnish additives.\" \/>\n<meta property=\"og:url\" content=\"https:\/\/exlak.pl\/en\/\" \/>\n<meta property=\"og:site_name\" content=\"Exlak\" \/>\n<meta property=\"article:modified_time\" content=\"2025-04-25T12:48:03+00:00\" \/>\n<meta name=\"twitter:card\" content=\"summary_large_image\" \/>\n<script type=\"application\/ld+json\" class=\"yoast-schema-graph\">{\"@context\":\"https:\/\/schema.org\",\"@graph\":[{\"@type\":\"WebPage\",\"@id\":\"https:\/\/exlak.pl\/en\/\",\"url\":\"https:\/\/exlak.pl\/en\/\",\"name\":\"Exlak - clearcoats - car varnishes - production import export\",\"isPartOf\":{\"@id\":\"https:\/\/exlak.pl\/#website\"},\"datePublished\":\"2019-05-20T06:58:19+00:00\",\"dateModified\":\"2025-04-25T12:48:03+00:00\",\"description\":\"Exlak - clearcoat - manufacturer of varnish materials: acrylic clearcoats, hardeners, thinners, silicone removers, acrylic resins, paint and varnish additives.\",\"breadcrumb\":{\"@id\":\"https:\/\/exlak.pl\/en\/#breadcrumb\"},\"inLanguage\":\"en-US\",\"potentialAction\":[{\"@type\":\"ReadAction\",\"target\":[\"https:\/\/exlak.pl\/en\/\"]}]},{\"@type\":\"BreadcrumbList\",\"@id\":\"https:\/\/exlak.pl\/en\/#breadcrumb\",\"itemListElement\":[{\"@type\":\"ListItem\",\"position\":1,\"name\":\"Strona g\u0142\u00f3wna\",\"item\":\"https:\/\/exlak.pl\/en\/\"},{\"@type\":\"ListItem\",\"position\":2,\"name\":\"Strona g\u0142\u00f3wna\"}]},{\"@type\":\"WebSite\",\"@id\":\"https:\/\/exlak.pl\/#website\",\"url\":\"https:\/\/exlak.pl\/\",\"name\":\"Exlak\",\"description\":\"Mi\u0119dzynarodowy producent bezbarwnych lakier\u00f3w samochodowych oraz dodatk\u00f3w lakierniczych\",\"potentialAction\":[{\"@type\":\"SearchAction\",\"target\":{\"@type\":\"EntryPoint\",\"urlTemplate\":\"https:\/\/exlak.pl\/?s={search_term_string}\"},\"query-input\":\"required name=search_term_string\"}],\"inLanguage\":\"en-US\"}]}<\/script>\n<!-- \/ Yoast SEO plugin. -->","yoast_head_json":{"title":"Exlak - clearcoats - car varnishes - production import export","description":"Exlak - clearcoat - manufacturer of varnish materials: acrylic clearcoats, hardeners, thinners, silicone removers, acrylic resins, paint and varnish additives.","robots":{"index":"index","follow":"follow","max-snippet":"max-snippet:-1","max-image-preview":"max-image-preview:large","max-video-preview":"max-video-preview:-1"},"canonical":"https:\/\/exlak.pl\/en\/","og_locale":"en_US","og_type":"article","og_title":"Exlak - clearcoats - car varnishes - production import export","og_description":"Exlak - clearcoat - manufacturer of varnish materials: acrylic clearcoats, hardeners, thinners, silicone removers, acrylic resins, paint and varnish additives.","og_url":"https:\/\/exlak.pl\/en\/","og_site_name":"Exlak","article_modified_time":"2025-04-25T12:48:03+00:00","twitter_card":"summary_large_image","schema":{"@context":"https:\/\/schema.org","@graph":[{"@type":"WebPage","@id":"https:\/\/exlak.pl\/en\/","url":"https:\/\/exlak.pl\/en\/","name":"Exlak - clearcoats - car varnishes - production import export","isPartOf":{"@id":"https:\/\/exlak.pl\/#website"},"datePublished":"2019-05-20T06:58:19+00:00","dateModified":"2025-04-25T12:48:03+00:00","description":"Exlak - clearcoat - manufacturer of varnish materials: acrylic clearcoats, hardeners, thinners, silicone removers, acrylic resins, paint and varnish additives.","breadcrumb":{"@id":"https:\/\/exlak.pl\/en\/#breadcrumb"},"inLanguage":"en-US","potentialAction":[{"@type":"ReadAction","target":["https:\/\/exlak.pl\/en\/"]}]},{"@type":"BreadcrumbList","@id":"https:\/\/exlak.pl\/en\/#breadcrumb","itemListElement":[{"@type":"ListItem","position":1,"name":"Strona g\u0142\u00f3wna","item":"https:\/\/exlak.pl\/en\/"},{"@type":"ListItem","position":2,"name":"Strona g\u0142\u00f3wna"}]},{"@type":"WebSite","@id":"https:\/\/exlak.pl\/#website","url":"https:\/\/exlak.pl\/","name":"Exlak","description":"Mi\u0119dzynarodowy producent bezbarwnych lakier\u00f3w samochodowych oraz dodatk\u00f3w lakierniczych","potentialAction":[{"@type":"SearchAction","target":{"@type":"EntryPoint","urlTemplate":"https:\/\/exlak.pl\/?s={search_term_string}"},"query-input":"required name=search_term_string"}],"inLanguage":"en-US"}]}},"_links":{"self":[{"href":"https:\/\/exlak.pl\/en\/wp-json\/wp\/v2\/pages\/8"}],"collection":[{"href":"https:\/\/exlak.pl\/en\/wp-json\/wp\/v2\/pages"}],"about":[{"href":"https:\/\/exlak.pl\/en\/wp-json\/wp\/v2\/types\/page"}],"author":[{"embeddable":true,"href":"https:\/\/exlak.pl\/en\/wp-json\/wp\/v2\/users\/1"}],"replies":[{"embeddable":true,"href":"https:\/\/exlak.pl\/en\/wp-json\/wp\/v2\/comments?post=8"}],"version-history":[{"count":24,"href":"https:\/\/exlak.pl\/en\/wp-json\/wp\/v2\/pages\/8\/revisions"}],"predecessor-version":[{"id":4899,"href":"https:\/\/exlak.pl\/en\/wp-json\/wp\/v2\/pages\/8\/revisions\/4899"}],"wp:attachment":[{"href":"https:\/\/exlak.pl\/en\/wp-json\/wp\/v2\/media?parent=8"}],"curies":[{"name":"wp","href":"https:\/\/api.w.org\/{rel}","templated":true}]}}